{"id":766,"date":"2026-01-02T00:09:26","date_gmt":"2026-01-01T21:09:26","guid":{"rendered":"https:\/\/derecekursmerkezi.com\/?page_id=766"},"modified":"2026-01-09T23:38:34","modified_gmt":"2026-01-09T20:38:34","slug":"hakkimizda-3","status":"publish","type":"page","link":"https:\/\/derecekursmerkezi.com\/index.php\/hakkimizda-3\/","title":{"rendered":"Hakk\u0131m\u0131zda"},"content":{"rendered":"\t\t<div data-elementor-type=\"wp-page\" data-elementor-id=\"766\" class=\"elementor elementor-766\">\n\t\t\t\t<div class=\"elementor-element elementor-element-88be317 e-flex e-con-boxed e-con e-parent\" data-id=\"88be317\" data-element_type=\"container\" data-e-type=\"container\" data-settings=\"{&quot;background_background&quot;:&quot;classic&quot;}\">\n\t\t\t\t\t<div class=\"e-con-inner\">\n\t\t\t\t\t<\/div>\n\t\t\t\t<\/div>\n\t\t<div class=\"elementor-element elementor-element-6bae914 e-con-full e-flex e-con e-parent\" data-id=\"6bae914\" data-element_type=\"container\" data-e-type=\"container\" data-settings=\"{&quot;background_background&quot;:&quot;classic&quot;}\">\n\t\t\t\t<div class=\"elementor-element elementor-element-312f331 elementor-widget elementor-widget-spacer\" data-id=\"312f331\" data-element_type=\"widget\" data-e-type=\"widget\" data-widget_type=\"spacer.default\">\n\t\t\t\t\t\t\t<div class=\"elementor-spacer\">\n\t\t\t<div class=\"elementor-spacer-inner\"><\/div>\n\t\t<\/div>\n\t\t\t\t\t\t<\/div>\n\t\t\t\t<\/div>\n\t\t<div class=\"elementor-element elementor-element-6b1e158 e-flex e-con-boxed e-con e-parent\" data-id=\"6b1e158\" data-element_type=\"container\" data-e-type=\"container\">\n\t\t\t\t\t<div class=\"e-con-inner\">\n\t\t<div class=\"elementor-element elementor-element-baee7c9 e-con-full e-flex e-con e-child\" data-id=\"baee7c9\" data-element_type=\"container\" data-e-type=\"container\">\n\t\t\t\t<div class=\"elementor-element elementor-element-6a10e2b elementor-widget elementor-widget-image\" data-id=\"6a10e2b\" data-element_type=\"widget\" data-e-type=\"widget\" data-widget_type=\"image.default\">\n\t\t\t\t\t\t\t\t\t\t\t\t\t\t\t<img fetchpriority=\"high\" decoding=\"async\" width=\"900\" height=\"1200\" src=\"https:\/\/derecekursmerkezi.com\/wp-content\/uploads\/2026\/01\/WhatsApp-Image-2025-12-19-at-10.12.21-12-900x1200.jpeg\" class=\"attachment-large size-large wp-image-809\" alt=\"\" srcset=\"https:\/\/derecekursmerkezi.com\/wp-content\/uploads\/2026\/01\/WhatsApp-Image-2025-12-19-at-10.12.21-12-900x1200.jpeg 900w, https:\/\/derecekursmerkezi.com\/wp-content\/uploads\/2026\/01\/WhatsApp-Image-2025-12-19-at-10.12.21-12-375x500.jpeg 375w, https:\/\/derecekursmerkezi.com\/wp-content\/uploads\/2026\/01\/WhatsApp-Image-2025-12-19-at-10.12.21-12-225x300.jpeg 225w, https:\/\/derecekursmerkezi.com\/wp-content\/uploads\/2026\/01\/WhatsApp-Image-2025-12-19-at-10.12.21-12-768x1024.jpeg 768w, https:\/\/derecekursmerkezi.com\/wp-content\/uploads\/2026\/01\/WhatsApp-Image-2025-12-19-at-10.12.21-12-1152x1536.jpeg 1152w, https:\/\/derecekursmerkezi.com\/wp-content\/uploads\/2026\/01\/WhatsApp-Image-2025-12-19-at-10.12.21-12.jpeg 1200w\" sizes=\"(max-width: 900px) 100vw, 900px\" \/>\t\t\t\t\t\t\t\t\t\t\t\t\t\t\t<\/div>\n\t\t\t\t<div class=\"elementor-element elementor-element-d66cae9 elementor-widget__width-initial elementor-widget elementor-widget-image\" data-id=\"d66cae9\" data-element_type=\"widget\" data-e-type=\"widget\" data-widget_type=\"image.default\">\n\t\t\t\t\t\t\t\t\t\t\t\t\t\t\t<img decoding=\"async\" width=\"375\" height=\"500\" src=\"https:\/\/derecekursmerkezi.com\/wp-content\/uploads\/2026\/01\/WhatsApp-Image-2025-12-19-at-10.12.21-21-375x500.jpeg\" class=\"attachment-medium size-medium wp-image-812\" alt=\"\" srcset=\"https:\/\/derecekursmerkezi.com\/wp-content\/uploads\/2026\/01\/WhatsApp-Image-2025-12-19-at-10.12.21-21-375x500.jpeg 375w, https:\/\/derecekursmerkezi.com\/wp-content\/uploads\/2026\/01\/WhatsApp-Image-2025-12-19-at-10.12.21-21-900x1200.jpeg 900w, https:\/\/derecekursmerkezi.com\/wp-content\/uploads\/2026\/01\/WhatsApp-Image-2025-12-19-at-10.12.21-21-225x300.jpeg 225w, https:\/\/derecekursmerkezi.com\/wp-content\/uploads\/2026\/01\/WhatsApp-Image-2025-12-19-at-10.12.21-21-768x1024.jpeg 768w, https:\/\/derecekursmerkezi.com\/wp-content\/uploads\/2026\/01\/WhatsApp-Image-2025-12-19-at-10.12.21-21-1152x1536.jpeg 1152w, https:\/\/derecekursmerkezi.com\/wp-content\/uploads\/2026\/01\/WhatsApp-Image-2025-12-19-at-10.12.21-21.jpeg 1200w\" sizes=\"(max-width: 375px) 100vw, 375px\" \/>\t\t\t\t\t\t\t\t\t\t\t\t\t\t\t<\/div>\n\t\t\t\t<\/div>\n\t\t<div class=\"elementor-element elementor-element-f9977e5 e-con-full e-flex e-con e-child\" data-id=\"f9977e5\" data-element_type=\"container\" data-e-type=\"container\">\n\t\t<div class=\"elementor-element elementor-element-e9a0f55 e-con-full e-flex e-con e-child\" data-id=\"e9a0f55\" data-element_type=\"container\" data-e-type=\"container\">\n\t\t\t\t<div class=\"elementor-element elementor-element-77163ff elementor-widget elementor-widget-text-editor\" data-id=\"77163ff\" data-element_type=\"widget\" data-e-type=\"widget\" data-widget_type=\"text-editor.default\">\n\t\t\t\t\t\t\t\t\t<h3 data-start=\"115\" data-end=\"133\"><strong data-start=\"119\" data-end=\"133\">Hakk\u0131m\u0131zda<\/strong><\/h3><p data-start=\"135\" data-end=\"444\">ER Derece E\u011fitim Kurumu, \u00f6\u011frencilerinin akademik geli\u015fimini <strong data-start=\"195\" data-end=\"212\">planl\u0131 e\u011fitim<\/strong>, <strong data-start=\"214\" data-end=\"245\">d\u00fczenli \u00f6l\u00e7me-de\u011ferlendirme<\/strong> ve <strong data-start=\"249\" data-end=\"275\">bireysel takip sistemi<\/strong> ile destekleyen bir e\u011fitim kurumudur. Her \u00f6\u011frencinin \u00f6\u011frenme seviyesi ve ihtiyac\u0131 farkl\u0131d\u0131r; bu bilin\u00e7le \u00f6\u011frencilerimize <strong data-start=\"397\" data-end=\"432\">ki\u015fiye \u00f6zel \u00e7al\u0131\u015fma programlar\u0131<\/strong> haz\u0131rlar\u0131z.<\/p><p data-start=\"446\" data-end=\"810\">Kurumumuzda haftal\u0131k deneme s\u0131navlar\u0131 yap\u0131l\u0131r, sonu\u00e7lar detayl\u0131 analiz edilerek \u00f6\u011frencinin eksik oldu\u011fu ders ve konular belirlenir. Bu analizler do\u011frultusunda et\u00fct, grup \u00e7al\u0131\u015fmas\u0131 ve \u00f6zel ders planlamalar\u0131 yap\u0131l\u0131r. Alan\u0131nda uzman \u00f6\u011fretmen kadromuzla \u00f6\u011frencilerimizin sadece s\u0131nav ba\u015far\u0131s\u0131n\u0131 de\u011fil, <strong data-start=\"744\" data-end=\"781\">\u00f6zg\u00fcvenini ve \u00e7al\u0131\u015fma disiplinini<\/strong> de g\u00fc\u00e7lendirmeyi hedefleriz.<\/p><p data-start=\"812\" data-end=\"1002\">ER Derece\u2019de e\u011fitim s\u00fcreci; \u00f6\u011frenci, veli ve \u00f6\u011fretmen i\u015f birli\u011fi i\u00e7inde \u015feffaf ve d\u00fczenli \u015fekilde y\u00fcr\u00fct\u00fcl\u00fcr. Amac\u0131m\u0131z, \u00f6\u011frencilerimizi hedeflerine bilin\u00e7li ve sa\u011flam ad\u0131mlarla ula\u015ft\u0131rmakt\u0131r.<\/p>\t\t\t\t\t\t\t\t<\/div>\n\t\t\t\t<\/div>\n\t\t<div class=\"elementor-element elementor-element-8a09fd3 e-con-full e-flex e-con e-child\" data-id=\"8a09fd3\" data-element_type=\"container\" data-e-type=\"container\">\n\t\t\t\t<div class=\"elementor-element elementor-element-2e20aa9 elementor-widget elementor-widget-text-editor\" data-id=\"2e20aa9\" data-element_type=\"widget\" data-e-type=\"widget\" data-widget_type=\"text-editor.default\">\n\t\t\t\t\t\t\t\t\t<h2 data-start=\"124\" data-end=\"141\"><strong data-start=\"127\" data-end=\"141\">Misyonumuz<\/strong><\/h2><p data-start=\"142\" data-end=\"364\">\u00d6\u011frencilerimizin akademik seviyelerini do\u011fru \u00f6l\u00e7me ve analizlerle belirleyerek, bireysel ihtiya\u00e7lar\u0131na uygun e\u011fitim planlar\u0131 olu\u015fturmak; planl\u0131 \u00e7al\u0131\u015fma, d\u00fczenli takip ve uzman \u00f6\u011fretmen kadrosu ile kal\u0131c\u0131 ba\u015far\u0131y\u0131 sa\u011flamak.<\/p><hr data-start=\"366\" data-end=\"369\" \/><h2 data-start=\"371\" data-end=\"388\"><strong data-start=\"374\" data-end=\"388\">Vizyonumuz<\/strong><\/h2><p data-start=\"389\" data-end=\"584\">E\u011fitimde bireysel farkl\u0131l\u0131klar\u0131 merkeze alan, \u00f6l\u00e7me-de\u011ferlendirme temelli yakla\u015f\u0131m\u0131yla g\u00fcven veren, \u00f6\u011frencilerini hedeflerine bilin\u00e7li ve sa\u011flam ad\u0131mlarla ula\u015ft\u0131ran \u00f6rnek bir e\u011fitim kurumu olmak.<\/p>\t\t\t\t\t\t\t\t<\/div>\n\t\t\t\t<div class=\"elementor-element elementor-element-25a8eab elementor-widget elementor-widget-text-editor\" data-id=\"25a8eab\" data-element_type=\"widget\" data-e-type=\"widget\" data-widget_type=\"text-editor.default\">\n\t\t\t\t\t\t\t\t\t<h3 data-start=\"119\" data-end=\"148\">\ud83d\udcca <strong data-start=\"126\" data-end=\"148\">Kart Okuma Sistemi<\/strong><\/h3><p data-start=\"149\" data-end=\"314\">\u00d6\u011frencilerimizin giri\u015f\u2013\u00e7\u0131k\u0131\u015f saatleri kart okuma sistemiyle takip edilir. B\u00f6ylece \u00f6\u011frencinin kurumdaki devam durumu anl\u0131k ve d\u00fczenli \u015fekilde kontrol alt\u0131nda tutulur.<\/p><hr data-start=\"316\" data-end=\"319\" \/><h3 data-start=\"321\" data-end=\"361\">\ud83d\udcc8 <strong data-start=\"328\" data-end=\"361\">\u00d6l\u00e7me ve Analiz Odakl\u0131 E\u011fitim<\/strong><\/h3><p data-start=\"362\" data-end=\"511\">Her hafta yap\u0131lan deneme s\u0131navlar\u0131yla \u00f6\u011frencinin akademik durumu \u00f6l\u00e7\u00fcl\u00fcr, analizler do\u011frultusunda bireysel \u00e7al\u0131\u015fma ve \u00f6zel ders planlar\u0131 olu\u015fturulur.<\/p><hr data-start=\"513\" data-end=\"516\" \/><h3 data-start=\"518\" data-end=\"554\">\ud83d\udc68\u200d\ud83c\udfeb <strong data-start=\"528\" data-end=\"554\">Uzman \u00d6\u011fretmen Kadrosu<\/strong><\/h3><p data-start=\"555\" data-end=\"663\">Alan\u0131nda deneyimli \u00f6\u011fretmenlerimiz, \u00f6\u011frencilerin seviyesine uygun anlat\u0131m ve birebir takiple s\u00fcreci y\u00f6netir.<\/p><hr data-start=\"665\" data-end=\"668\" \/><h3 data-start=\"670\" data-end=\"704\">\ud83e\udd1d <strong data-start=\"677\" data-end=\"704\">Veliyle \u015eeffaf \u0130leti\u015fim<\/strong><\/h3><p data-start=\"705\" data-end=\"792\">Devam durumu, akademik geli\u015fim ve yap\u0131lan \u00e7al\u0131\u015fmalar veliyle d\u00fczenli olarak payla\u015f\u0131l\u0131r.<\/p>\t\t\t\t\t\t\t\t<\/div>\n\t\t\t\t<\/div>\n\t\t\t\t<\/div>\n\t\t\t\t\t<\/div>\n\t\t\t\t<\/div>\n\t\t<div class=\"elementor-element elementor-element-384de20 e-con-full e-flex e-con e-parent\" data-id=\"384de20\" data-element_type=\"container\" data-e-type=\"container\" data-settings=\"{&quot;background_background&quot;:&quot;classic&quot;}\">\n\t\t\t\t<div class=\"elementor-element elementor-element-75b8c40 elementor-widget elementor-widget-sina_dynamic_button\" data-id=\"75b8c40\" data-element_type=\"widget\" data-e-type=\"widget\" data-widget_type=\"sina_dynamic_button.default\">\n\t\t\t\t<div class=\"elementor-widget-container\">\n\t\t\t\t\t\t\t<div class=\"sina-dynamic-button\">\r\n\t\t\t<a  class=\"sina-dynamic-btn   \" href=\"http:\/\/05051009925\"\r\n\t\t\t\t\t\t\t\t\t\t\t\t>\r\n\t\t\t\t\t\t\t\u0130LET\u0130\u015e\u0130M\t\t\t\t\t<\/a>\r\n\t\t<\/div><!-- .sina-dynamic-button -->\r\n\t\t\t\t\t\t<\/div>\n\t\t\t\t<\/div>\n\t\t\t\t<\/div>\n\t\t\t\t<\/div>\n\t\t","protected":false},"excerpt":{"rendered":"<p>Hakk\u0131m\u0131zda ER Derece E\u011fitim Kurumu, \u00f6\u011frencilerinin akademik geli\u015fimini planl\u0131 e\u011fitim, d\u00fczenli \u00f6l\u00e7me-de\u011ferlendirme ve bireysel takip sistemi ile destekleyen bir e\u011fitim kurumudur. Her \u00f6\u011frencinin \u00f6\u011frenme seviyesi ve ihtiyac\u0131 farkl\u0131d\u0131r; bu bilin\u00e7le \u00f6\u011frencilerimize ki\u015fiye \u00f6zel \u00e7al\u0131\u015fma programlar\u0131 haz\u0131rlar\u0131z. Kurumumuzda haftal\u0131k deneme s\u0131navlar\u0131 yap\u0131l\u0131r, sonu\u00e7lar detayl\u0131 analiz edilerek \u00f6\u011frencinin eksik oldu\u011fu ders ve konular belirlenir. Bu analizler do\u011frultusunda&#8230;<\/p>\n","protected":false},"author":1,"featured_media":0,"parent":0,"menu_order":0,"comment_status":"closed","ping_status":"closed","template":"","meta":{"_kad_post_transparent":"","_kad_post_title":"hide","_kad_post_layout":"fullwidth","_kad_post_sidebar_id":"","_kad_post_content_style":"unboxed","_kad_post_vertical_padding":"hide","_kad_post_feature":"hide","_kad_post_feature_position":"","_kad_post_header":false,"_kad_post_footer":false,"_kad_post_classname":"","footnotes":""},"class_list":["post-766","page","type-page","status-publish","hentry"],"_links":{"self":[{"href":"https:\/\/derecekursmerkezi.com\/index.php\/wp-json\/wp\/v2\/pages\/766","targetHints":{"allow":["GET"]}}],"collection":[{"href":"https:\/\/derecekursmerkezi.com\/index.php\/wp-json\/wp\/v2\/pages"}],"about":[{"href":"https:\/\/derecekursmerkezi.com\/index.php\/wp-json\/wp\/v2\/types\/page"}],"author":[{"embeddable":true,"href":"https:\/\/derecekursmerkezi.com\/index.php\/wp-json\/wp\/v2\/users\/1"}],"replies":[{"embeddable":true,"href":"https:\/\/derecekursmerkezi.com\/index.php\/wp-json\/wp\/v2\/comments?post=766"}],"version-history":[{"count":25,"href":"https:\/\/derecekursmerkezi.com\/index.php\/wp-json\/wp\/v2\/pages\/766\/revisions"}],"predecessor-version":[{"id":1089,"href":"https:\/\/derecekursmerkezi.com\/index.php\/wp-json\/wp\/v2\/pages\/766\/revisions\/1089"}],"wp:attachment":[{"href":"https:\/\/derecekursmerkezi.com\/index.php\/wp-json\/wp\/v2\/media?parent=766"}],"curies":[{"name":"wp","href":"https:\/\/api.w.org\/{rel}","templated":true}]}}