{"id":710,"date":"2026-01-01T22:42:41","date_gmt":"2026-01-01T19:42:41","guid":{"rendered":"https:\/\/derecekursmerkezi.com\/?page_id=710"},"modified":"2026-01-18T14:19:13","modified_gmt":"2026-01-18T11:19:13","slug":"anasayfa-2","status":"publish","type":"page","link":"https:\/\/derecekursmerkezi.com\/","title":{"rendered":"Anasayfa"},"content":{"rendered":"\t\t<div data-elementor-type=\"wp-page\" data-elementor-id=\"710\" class=\"elementor elementor-710\">\n\t\t\t\t<div class=\"elementor-element elementor-element-00bbc7e e-flex e-con-boxed e-con e-parent\" data-id=\"00bbc7e\" data-element_type=\"container\" data-e-type=\"container\" data-settings=\"{&quot;background_background&quot;:&quot;slideshow&quot;,&quot;background_slideshow_gallery&quot;:[{&quot;id&quot;:594,&quot;url&quot;:&quot;https:\\\/\\\/derecekursmerkezi.com\\\/wp-content\\\/uploads\\\/2025\\\/12\\\/WhatsApp-Image-2025-07-15-at-14.22.51.jpeg&quot;},{&quot;id&quot;:593,&quot;url&quot;:&quot;https:\\\/\\\/derecekursmerkezi.com\\\/wp-content\\\/uploads\\\/2025\\\/12\\\/KURUM-DIS-RESMI-3.jpeg&quot;}],&quot;background_slideshow_ken_burns&quot;:&quot;yes&quot;,&quot;background_slideshow_loop&quot;:&quot;yes&quot;,&quot;background_slideshow_slide_duration&quot;:5000,&quot;background_slideshow_slide_transition&quot;:&quot;fade&quot;,&quot;background_slideshow_transition_duration&quot;:500,&quot;background_slideshow_ken_burns_zoom_direction&quot;:&quot;in&quot;}\">\n\t\t\t\t\t<div class=\"e-con-inner\">\n\t\t<div class=\"elementor-element elementor-element-8d366e0 e-con-full e-flex e-con e-child\" data-id=\"8d366e0\" data-element_type=\"container\" data-e-type=\"container\" data-settings=\"{&quot;background_background&quot;:&quot;classic&quot;}\">\n\t\t\t\t<div class=\"elementor-element elementor-element-faceab6 elementor-widget elementor-widget-sina_banner_slider\" data-id=\"faceab6\" data-element_type=\"widget\" data-e-type=\"widget\" data-widget_type=\"sina_banner_slider.default\">\n\t\t\t\t<div class=\"elementor-widget-container\">\n\t\t\t\t\t\t\t<div class=\"sina-banner-slider owl-carousel\"\r\n\t\tdata-autoplay=\"yes\"\r\n\t\tdata-pause=\"yes\"\r\n\t\tdata-nav=\"yes\"\r\n\t\tdata-dots=\"yes\"\r\n\t\tdata-mouse-drag=\"yes\"\r\n\t\tdata-touch-drag=\"yes\"\r\n\t\tdata-loop=\"yes\"\r\n\t\tdata-speed=\"\"\r\n\t\tdata-part-anim=\"yes\"\r\n\t\tdata-delay=\"5000\">\r\n\r\n\t\t\t\t\t\t\t<div class=\"sina-slider-content sina-bg-cover\" style=\"background-image: url();\">\r\n\t\t\t\t\t\t\t\t\t\t\t<div class=\"sina-overlay\"><\/div>\r\n\t\t\t\t\t\r\n\t\t\t\t\t<div class=\"sina-banner-container elementor-repeater-item-dad12fe\">\r\n\r\n\t\t\t\t\t\t\t\t\t\t\t\t\t\t\t\t\t\t\t\t<h1 class=\"sina-banner-title sina-anim-invisible\" data-animation=\"animated fadeInLeft\">ER DERECE E\u011e\u0130T\u0130M KURUMUNA HO\u015e GELD\u0130N\u0130Z.<\/h1>\t\t\t\t\t\t\r\n\t\t\t\t\t\t\t\t\t\t\t\t\t<h2 class=\"sina-banner-subtitle sina-anim-invisible\" data-animation=\"animated fadeInRight\">''Dereceye Gelin Dereceye Girin''<\/h2>\t\t\t\t\t\t\r\n\t\t\t\t\t\t\r\n\t\t\t\t\t\t\t\t\t\t\t\t\t<div class=\"sina-banner-btns sina-anim-invisible\" data-animation=\"animated fadeInUp\">\r\n\t\t\t\t\t\t\t\t\t\t\t\t\t\t\t\t\t<a class=\"sina-banner-pbtn   \"\r\n\t\t\t\t\t\t\t\t\t\t\t\t\t\t\t\t\t\thref=\"https:\/\/derecekursmerkezi.com\/index.php\/iletisim-3\/\"\r\n\t\t\t\t\t\t\t\t\t\t\t\t\t\t\t\t\t\t>\r\n\t\t\t\t\t\t\t\t\t\t\t\tDETAYLI B\u0130LG\u0130 \u0130\u00c7\u0130N\t\t\t\t\t<i class=\"icofont icofont-headphone-alt sina-icon-right\"><\/i>\r\n\t\t\t\t\t\t\t\t\t\t\t\t<\/a>\r\n\t\t\t\t\t\t\t\t\r\n\t\t\t\t\t\t\t\t\t\t\t\t\t\t\t<\/div>\r\n\t\t\t\t\t\t\t\t\t\t\t<\/div>\r\n\t\t\t\t<\/div>\r\n\t\t\t\t\t\t\t<div class=\"sina-slider-content sina-bg-cover\" style=\"background-image: url();\">\r\n\t\t\t\t\t\t\t\t\t\t\t<div class=\"sina-overlay\"><\/div>\r\n\t\t\t\t\t\r\n\t\t\t\t\t<div class=\"sina-banner-container elementor-repeater-item-ffc620a\">\r\n\r\n\t\t\t\t\t\t\t\t\t\t\t\t\t\t\t\t\t\t\t\t<h3 class=\"sina-banner-title sina-anim-invisible\" data-animation=\"animated fadeInLeft\">''SADECE ORTAOKUL SADECE BA\u015eARI''<\/h3>\t\t\t\t\t\t\r\n\t\t\t\t\t\t\t\t\t\t\t\t\t<h2 class=\"sina-banner-subtitle sina-anim-invisible\" data-animation=\"animated fadeInRight\">5-6-7.s\u0131n\u0131flar ve LGS<\/h2>\t\t\t\t\t\t\r\n\t\t\t\t\t\t\t\t\t\t\t\t\t<div class=\"sina-banner-desc sina-anim-invisible\" data-animation=\"animated fadeInUp\">\u0130leti\u015fim : 0 505 100 99 25<\/div>\t\t\t\t\t\t\r\n\t\t\t\t\t\t\t\t\t\t\t\t\t<div class=\"sina-banner-btns sina-anim-invisible\" data-animation=\"animated fadeInUp\">\r\n\t\t\t\t\t\t\t\t\t\t\t\t\t\t\t\t\t<a class=\"sina-banner-pbtn   \"\r\n\t\t\t\t\t\t\t\t\t\t\t\t\t\t\t\t\t\thref=\"https:\/\/derecekursmerkezi.com\/index.php\/iletisim-3\/\"\r\n\t\t\t\t\t\t\t\t\t\t\t\t\t\t\t\t\t\t>\r\n\t\t\t\t\t\t\t\t\t\t\t\tDETAYLI B\u0130LG\u0130 \u0130\u00c7\u0130N\t\t\t\t\t<i class=\"icofont icofont-headphone-alt sina-icon-right\"><\/i>\r\n\t\t\t\t\t\t\t\t\t\t\t\t<\/a>\r\n\t\t\t\t\t\t\t\t\r\n\t\t\t\t\t\t\t\t\t\t\t\t\t\t\t<\/div>\r\n\t\t\t\t\t\t\t\t\t\t\t<\/div>\r\n\t\t\t\t<\/div>\r\n\t\t\t\t\t<\/div><!-- .sina-banner-slider -->\r\n\t\t\t\t\t\t<\/div>\n\t\t\t\t<\/div>\n\t\t\t\t<\/div>\n\t\t\t\t\t<\/div>\n\t\t\t\t<\/div>\n\t\t<div class=\"elementor-element elementor-element-e840a80 e-flex e-con-boxed e-con e-parent\" data-id=\"e840a80\" data-element_type=\"container\" data-e-type=\"container\" data-settings=\"{&quot;background_background&quot;:&quot;classic&quot;}\">\n\t\t\t\t\t<div class=\"e-con-inner\">\n\t\t<div class=\"elementor-element elementor-element-458b592 e-con-full e-flex e-con e-child\" data-id=\"458b592\" data-element_type=\"container\" data-e-type=\"container\">\n\t\t\t\t<div class=\"elementor-element elementor-element-fb0dfcb elementor-widget elementor-widget-image\" data-id=\"fb0dfcb\" data-element_type=\"widget\" data-e-type=\"widget\" data-widget_type=\"image.default\">\n\t\t\t\t\t\t\t\t\t\t\t\t\t\t\t<img decoding=\"async\" width=\"123\" height=\"77\" src=\"https:\/\/derecekursmerkezi.com\/wp-content\/uploads\/2025\/12\/lgs.png\" class=\"attachment-large size-large wp-image-455\" alt=\"\" srcset=\"https:\/\/derecekursmerkezi.com\/wp-content\/uploads\/2025\/12\/lgs.png 123w, https:\/\/derecekursmerkezi.com\/wp-content\/uploads\/2025\/12\/lgs-120x75.png 120w\" sizes=\"(max-width: 123px) 100vw, 123px\" \/>\t\t\t\t\t\t\t\t\t\t\t\t\t\t\t<\/div>\n\t\t<div class=\"elementor-element elementor-element-49866cd e-con-full e-flex e-con e-child\" data-id=\"49866cd\" data-element_type=\"container\" data-e-type=\"container\">\n\t\t\t\t<div class=\"elementor-element elementor-element-1a76959 elementor-widget elementor-widget-text-editor\" data-id=\"1a76959\" data-element_type=\"widget\" data-e-type=\"widget\" data-widget_type=\"text-editor.default\">\n\t\t\t\t\t\t\t\t\t<p><strong data-start=\"62\" data-end=\"105\">LGS\u2019ye ER Derece ile G\u00fcvenle Haz\u0131rlan\u0131n<\/strong><br data-start=\"105\" data-end=\"108\" \/>ER Derece E\u011fitim Kurumu\u2019nda LGS haz\u0131rl\u0131k s\u00fcreci; d\u00fczenli deneme s\u0131navlar\u0131, detayl\u0131 analizler ve \u00f6\u011frencinin eksiklerine g\u00f6re olu\u015fturulan bireysel \u00e7al\u0131\u015fma planlar\u0131yla y\u00fcr\u00fct\u00fcl\u00fcr. Alan\u0131nda uzman \u00f6\u011fretmen kadromuzla hedefinize ad\u0131m ad\u0131m ula\u015f\u0131rs\u0131n\u0131z.<\/p>\t\t\t\t\t\t\t\t<\/div>\n\t\t\t\t<\/div>\n\t\t\t\t<\/div>\n\t\t<div class=\"elementor-element elementor-element-914c4b0 e-con-full e-flex e-con e-child\" data-id=\"914c4b0\" data-element_type=\"container\" data-e-type=\"container\">\n\t\t\t\t<div class=\"elementor-element elementor-element-ccaf1a3 elementor-widget elementor-widget-image\" data-id=\"ccaf1a3\" data-element_type=\"widget\" data-e-type=\"widget\" data-widget_type=\"image.default\">\n\t\t\t\t\t\t\t\t\t\t\t\t\t\t\t<img decoding=\"async\" width=\"123\" height=\"77\" src=\"https:\/\/derecekursmerkezi.com\/wp-content\/uploads\/2025\/12\/567SINIF.png\" class=\"attachment-large size-large wp-image-453\" alt=\"\" srcset=\"https:\/\/derecekursmerkezi.com\/wp-content\/uploads\/2025\/12\/567SINIF.png 123w, https:\/\/derecekursmerkezi.com\/wp-content\/uploads\/2025\/12\/567SINIF-120x75.png 120w\" sizes=\"(max-width: 123px) 100vw, 123px\" \/>\t\t\t\t\t\t\t\t\t\t\t\t\t\t\t<\/div>\n\t\t\t\t<div class=\"elementor-element elementor-element-9f9e95a elementor-widget elementor-widget-text-editor\" data-id=\"9f9e95a\" data-element_type=\"widget\" data-e-type=\"widget\" data-widget_type=\"text-editor.default\">\n\t\t\t\t\t\t\t\t\t<p data-start=\"88\" data-end=\"236\">Sa\u011flam temel, do\u011fru al\u0131\u015fkanl\u0131k. 5. s\u0131n\u0131fta \u00f6\u011frencilerimizi derslere uyum, konu kavrama ve d\u00fczenli \u00e7al\u0131\u015fma becerisi kazand\u0131rarak gelece\u011fe haz\u0131rlar\u0131z.<\/p><p data-start=\"255\" data-end=\"371\">Bilgiyi g\u00fc\u00e7lendirme zaman\u0131. 6. s\u0131n\u0131fta konu tekrarlar\u0131, denemeler ve bireysel takiple akademik geli\u015fimi destekleriz.<\/p><p data-start=\"390\" data-end=\"527\">LGS\u2019ye bilin\u00e7li haz\u0131rl\u0131k. 7. s\u0131n\u0131fta deneme s\u0131navlar\u0131 ve analizlerle eksikleri belirler, \u00f6\u011frenciyi LGS s\u00fcrecine g\u00fc\u00e7l\u00fc \u015fekilde haz\u0131rlar\u0131z.<\/p>\t\t\t\t\t\t\t\t<\/div>\n\t\t\t\t<\/div>\n\t\t<div class=\"elementor-element elementor-element-1399de9 e-con-full e-flex e-con e-child\" data-id=\"1399de9\" data-element_type=\"container\" data-e-type=\"container\">\n\t\t\t\t<div class=\"elementor-element elementor-element-32fbd0f elementor-widget elementor-widget-image\" data-id=\"32fbd0f\" data-element_type=\"widget\" data-e-type=\"widget\" data-widget_type=\"image.default\">\n\t\t\t\t\t\t\t\t\t\t\t\t\t\t\t<img decoding=\"async\" width=\"123\" height=\"77\" src=\"https:\/\/derecekursmerkezi.com\/wp-content\/uploads\/2025\/12\/ozelders.png\" class=\"attachment-large size-large wp-image-454\" alt=\"\" srcset=\"https:\/\/derecekursmerkezi.com\/wp-content\/uploads\/2025\/12\/ozelders.png 123w, https:\/\/derecekursmerkezi.com\/wp-content\/uploads\/2025\/12\/ozelders-120x75.png 120w\" sizes=\"(max-width: 123px) 100vw, 123px\" \/>\t\t\t\t\t\t\t\t\t\t\t\t\t\t\t<\/div>\n\t\t\t\t<div class=\"elementor-element elementor-element-6130a88 elementor-widget elementor-widget-text-editor\" data-id=\"6130a88\" data-element_type=\"widget\" data-e-type=\"widget\" data-widget_type=\"text-editor.default\">\n\t\t\t\t\t\t\t\t\t<p data-start=\"88\" data-end=\"236\"><strong data-start=\"71\" data-end=\"84\">\u00d6zel Ders<\/strong><br data-start=\"84\" data-end=\"87\" \/>\u00d6\u011frencinin seviyesine g\u00f6re planlanan \u00f6zel derslerde, <strong data-start=\"140\" data-end=\"273\">her hafta yap\u0131lan deneme s\u0131nav\u0131 analizleriyle \u00f6\u011frencinin ihtiya\u00e7lar\u0131 belirlenir ve buna g\u00f6re bireysel \u00f6zel ders plan\u0131 haz\u0131rlan\u0131r.<\/strong> Alan\u0131nda uzman \u00f6\u011fretmenlerle birebir e\u011fitim verilir.<\/p>\t\t\t\t\t\t\t\t<\/div>\n\t\t\t\t<\/div>\n\t\t\t\t\t<\/div>\n\t\t\t\t<\/div>\n\t\t<div class=\"elementor-element elementor-element-371ecba e-flex e-con-boxed e-con e-parent\" data-id=\"371ecba\" data-element_type=\"container\" data-e-type=\"container\">\n\t\t\t\t\t<div class=\"e-con-inner\">\n\t\t<div class=\"elementor-element elementor-element-89e0fbf e-con-full e-flex e-con e-child\" data-id=\"89e0fbf\" data-element_type=\"container\" data-e-type=\"container\">\n\t\t\t\t<div class=\"elementor-element elementor-element-bb47855 elementor-widget elementor-widget-image\" data-id=\"bb47855\" data-element_type=\"widget\" data-e-type=\"widget\" data-widget_type=\"image.default\">\n\t\t\t\t\t\t\t\t\t\t\t\t\t\t\t<img loading=\"lazy\" decoding=\"async\" width=\"510\" height=\"383\" src=\"https:\/\/derecekursmerkezi.com\/wp-content\/uploads\/2025\/12\/WhatsApp-Image-2025-11-29-at-13.29.33-1.jpeg\" class=\"attachment-large size-large wp-image-526\" alt=\"\" srcset=\"https:\/\/derecekursmerkezi.com\/wp-content\/uploads\/2025\/12\/WhatsApp-Image-2025-11-29-at-13.29.33-1.jpeg 510w, https:\/\/derecekursmerkezi.com\/wp-content\/uploads\/2025\/12\/WhatsApp-Image-2025-11-29-at-13.29.33-1-500x375.jpeg 500w, https:\/\/derecekursmerkezi.com\/wp-content\/uploads\/2025\/12\/WhatsApp-Image-2025-11-29-at-13.29.33-1-300x225.jpeg 300w, https:\/\/derecekursmerkezi.com\/wp-content\/uploads\/2025\/12\/WhatsApp-Image-2025-11-29-at-13.29.33-1-100x75.jpeg 100w, https:\/\/derecekursmerkezi.com\/wp-content\/uploads\/2025\/12\/WhatsApp-Image-2025-11-29-at-13.29.33-1-480x360.jpeg 480w\" sizes=\"(max-width: 510px) 100vw, 510px\" \/>\t\t\t\t\t\t\t\t\t\t\t\t\t\t\t<\/div>\n\t\t\t\t<\/div>\n\t\t<div class=\"elementor-element elementor-element-73b0df9 e-con-full e-flex e-con e-child\" data-id=\"73b0df9\" data-element_type=\"container\" data-e-type=\"container\">\n\t\t\t\t<div class=\"elementor-element elementor-element-c4404df elementor-widget elementor-widget-heading\" data-id=\"c4404df\" data-element_type=\"widget\" data-e-type=\"widget\" data-widget_type=\"heading.default\">\n\t\t\t\t\t<h2 class=\"elementor-heading-title elementor-size-default\">\u201cHer \u00f6\u011frencinin ihtiyac\u0131n\u0131 do\u011fru analiz eden, planl\u0131 \u00e7al\u0131\u015fma ve bireysel takip sistemiyle ba\u015far\u0131y\u0131 tesad\u00fcfe b\u0131rakmayan e\u011fitim anlay\u0131\u015f\u0131.\u201d\n\n\u201cDeneme s\u0131navlar\u0131yla \u00f6l\u00e7en, analizlerle y\u00f6nlendiren, bireysel planlamayla \u00f6\u011frencisini hedefe ula\u015ft\u0131ran e\u011fitim kurumu.\u201d\n\n\u201cHer \u00f6\u011frencinin seviyesine g\u00f6re yol haritas\u0131 \u00e7izen, eksikleri f\u0131rsata d\u00f6n\u00fc\u015ft\u00fcren ve ba\u015far\u0131y\u0131 kal\u0131c\u0131 hale getiren e\u011fitim.\u201d\n<\/h2>\t\t\t\t<\/div>\n\t\t\t\t<\/div>\n\t\t\t\t\t<\/div>\n\t\t\t\t<\/div>\n\t\t<div class=\"elementor-element elementor-element-df7e38c e-flex e-con-boxed e-con e-parent\" data-id=\"df7e38c\" data-element_type=\"container\" data-e-type=\"container\">\n\t\t\t\t\t<div class=\"e-con-inner\">\n\t\t\t\t<div class=\"elementor-element elementor-element-425fae2 elementor-widget__width-initial e-transform elementor-invisible elementor-widget elementor-widget-heading\" data-id=\"425fae2\" data-element_type=\"widget\" data-e-type=\"widget\" data-settings=\"{&quot;_animation&quot;:&quot;fadeIn&quot;,&quot;_transform_translateX_effect&quot;:{&quot;unit&quot;:&quot;px&quot;,&quot;size&quot;:0,&quot;sizes&quot;:[]},&quot;_transform_translateX_effect_tablet&quot;:{&quot;unit&quot;:&quot;px&quot;,&quot;size&quot;:&quot;&quot;,&quot;sizes&quot;:[]},&quot;_transform_translateX_effect_mobile&quot;:{&quot;unit&quot;:&quot;px&quot;,&quot;size&quot;:&quot;&quot;,&quot;sizes&quot;:[]},&quot;_transform_translateY_effect&quot;:{&quot;unit&quot;:&quot;px&quot;,&quot;size&quot;:&quot;&quot;,&quot;sizes&quot;:[]},&quot;_transform_translateY_effect_tablet&quot;:{&quot;unit&quot;:&quot;px&quot;,&quot;size&quot;:&quot;&quot;,&quot;sizes&quot;:[]},&quot;_transform_translateY_effect_mobile&quot;:{&quot;unit&quot;:&quot;px&quot;,&quot;size&quot;:&quot;&quot;,&quot;sizes&quot;:[]}}\" data-widget_type=\"heading.default\">\n\t\t\t\t\t<h3 class=\"elementor-heading-title elementor-size-default\">\u00d6l\u00e7 \u2192 Analiz Et \u2192 Planla \u2192 Ba\u015far\u0131ya Ula\u015ft\u0131r\n\n-Her \u00d6\u011frenciye \u00d6zel Yol Haritas\u0131\n\n-Planl\u0131 E\u011fitim, Kal\u0131c\u0131 Ba\u015far\u0131 (Er Derece E\u011fitim Kurumu)<\/h3>\t\t\t\t<\/div>\n\t\t\t\t\t<\/div>\n\t\t\t\t<\/div>\n\t\t\t\t<\/div>\n\t\t","protected":false},"excerpt":{"rendered":"<p>ER DERECE E\u011e\u0130T\u0130M KURUMUNA HO\u015e GELD\u0130N\u0130Z. &#8221;Dereceye Gelin Dereceye Girin&#8221; DETAYLI B\u0130LG\u0130 \u0130\u00c7\u0130N &#8221;SADECE ORTAOKUL SADECE BA\u015eARI&#8221; 5-6-7.s\u0131n\u0131flar ve LGS \u0130leti\u015fim : 0 505 100 99 25 DETAYLI B\u0130LG\u0130 \u0130\u00c7\u0130N LGS\u2019ye ER Derece ile G\u00fcvenle Haz\u0131rlan\u0131nER Derece E\u011fitim Kurumu\u2019nda LGS haz\u0131rl\u0131k s\u00fcreci; d\u00fczenli deneme s\u0131navlar\u0131, detayl\u0131 analizler ve \u00f6\u011frencinin eksiklerine g\u00f6re olu\u015fturulan bireysel \u00e7al\u0131\u015fma planlar\u0131yla&#8230;<\/p>\n","protected":false},"author":1,"featured_media":0,"parent":0,"menu_order":0,"comment_status":"closed","ping_status":"closed","template":"","meta":{"_kad_post_transparent":"","_kad_post_title":"hide","_kad_post_layout":"fullwidth","_kad_post_sidebar_id":"","_kad_post_content_style":"unboxed","_kad_post_vertical_padding":"hide","_kad_post_feature":"hide","_kad_post_feature_position":"","_kad_post_header":false,"_kad_post_footer":false,"_kad_post_classname":"","footnotes":""},"class_list":["post-710","page","type-page","status-publish","hentry"],"_links":{"self":[{"href":"https:\/\/derecekursmerkezi.com\/index.php\/wp-json\/wp\/v2\/pages\/710","targetHints":{"allow":["GET"]}}],"collection":[{"href":"https:\/\/derecekursmerkezi.com\/index.php\/wp-json\/wp\/v2\/pages"}],"about":[{"href":"https:\/\/derecekursmerkezi.com\/index.php\/wp-json\/wp\/v2\/types\/page"}],"author":[{"embeddable":true,"href":"https:\/\/derecekursmerkezi.com\/index.php\/wp-json\/wp\/v2\/users\/1"}],"replies":[{"embeddable":true,"href":"https:\/\/derecekursmerkezi.com\/index.php\/wp-json\/wp\/v2\/comments?post=710"}],"version-history":[{"count":73,"href":"https:\/\/derecekursmerkezi.com\/index.php\/wp-json\/wp\/v2\/pages\/710\/revisions"}],"predecessor-version":[{"id":1162,"href":"https:\/\/derecekursmerkezi.com\/index.php\/wp-json\/wp\/v2\/pages\/710\/revisions\/1162"}],"wp:attachment":[{"href":"https:\/\/derecekursmerkezi.com\/index.php\/wp-json\/wp\/v2\/media?parent=710"}],"curies":[{"name":"wp","href":"https:\/\/api.w.org\/{rel}","templated":true}]}}