{"id":1121,"date":"2026-01-18T10:08:06","date_gmt":"2026-01-18T07:08:06","guid":{"rendered":"https:\/\/derecekursmerkezi.com\/?page_id=1121"},"modified":"2026-02-21T12:55:11","modified_gmt":"2026-02-21T09:55:11","slug":"duyurular","status":"publish","type":"page","link":"https:\/\/derecekursmerkezi.com\/index.php\/duyurular\/","title":{"rendered":"DUYURULAR"},"content":{"rendered":"\t\t<div data-elementor-type=\"wp-page\" data-elementor-id=\"1121\" class=\"elementor elementor-1121\">\n\t\t\t\t<div class=\"elementor-element elementor-element-48223179 e-flex e-con-boxed e-con e-parent\" data-id=\"48223179\" data-element_type=\"container\" data-e-type=\"container\">\n\t\t\t\t\t<div class=\"e-con-inner\">\n\t\t\t\t\t<\/div>\n\t\t\t\t<\/div>\n\t\t<div class=\"elementor-element elementor-element-4596189 e-flex e-con-boxed e-con e-parent\" data-id=\"4596189\" data-element_type=\"container\" data-e-type=\"container\">\n\t\t\t\t\t<div class=\"e-con-inner\">\n\t\t\t\t<div class=\"elementor-element elementor-element-4db0e39 elementor-widget__width-initial elementor-widget elementor-widget-heading\" data-id=\"4db0e39\" data-element_type=\"widget\" data-e-type=\"widget\" data-widget_type=\"heading.default\">\n\t\t\t\t\t<h1 class=\"elementor-heading-title elementor-size-default\">DERECE YAZ AKADEM\u0130S\u0130 BA\u015eLIYOR...<\/h1>\t\t\t\t<\/div>\n\t\t\t\t\t<\/div>\n\t\t\t\t<\/div>\n\t\t<div class=\"elementor-element elementor-element-7146778 e-flex e-con-boxed e-con e-parent\" data-id=\"7146778\" data-element_type=\"container\" data-e-type=\"container\">\n\t\t\t\t\t<div class=\"e-con-inner\">\n\t\t\t\t<div class=\"elementor-element elementor-element-6bef0ae elementor-widget__width-initial elementor-widget elementor-widget-image\" data-id=\"6bef0ae\" data-element_type=\"widget\" data-e-type=\"widget\" data-widget_type=\"image.default\">\n\t\t\t\t\t\t\t\t\t\t\t\t\t\t\t<img fetchpriority=\"high\" decoding=\"async\" width=\"768\" height=\"512\" src=\"https:\/\/derecekursmerkezi.com\/wp-content\/uploads\/2026\/02\/WhatsApp-Image-2026-02-11-at-14.04.14-768x512.jpeg\" class=\"attachment-medium_large size-medium_large wp-image-1212\" alt=\"\" srcset=\"https:\/\/derecekursmerkezi.com\/wp-content\/uploads\/2026\/02\/WhatsApp-Image-2026-02-11-at-14.04.14-768x512.jpeg 768w, https:\/\/derecekursmerkezi.com\/wp-content\/uploads\/2026\/02\/WhatsApp-Image-2026-02-11-at-14.04.14-500x333.jpeg 500w, https:\/\/derecekursmerkezi.com\/wp-content\/uploads\/2026\/02\/WhatsApp-Image-2026-02-11-at-14.04.14-1200x800.jpeg 1200w, https:\/\/derecekursmerkezi.com\/wp-content\/uploads\/2026\/02\/WhatsApp-Image-2026-02-11-at-14.04.14-300x200.jpeg 300w, https:\/\/derecekursmerkezi.com\/wp-content\/uploads\/2026\/02\/WhatsApp-Image-2026-02-11-at-14.04.14.jpeg 1536w\" sizes=\"(max-width: 768px) 100vw, 768px\" \/>\t\t\t\t\t\t\t\t\t\t\t\t\t\t\t<\/div>\n\t\t\t\t\t<\/div>\n\t\t\t\t<\/div>\n\t\t<div class=\"elementor-element elementor-element-926acc8 e-flex e-con-boxed e-con e-parent\" data-id=\"926acc8\" data-element_type=\"container\" data-e-type=\"container\">\n\t\t\t\t\t<div class=\"e-con-inner\">\n\t\t<div class=\"elementor-element elementor-element-f16759b e-con-full e-flex e-con e-child\" data-id=\"f16759b\" data-element_type=\"container\" data-e-type=\"container\">\n\t\t\t\t<div class=\"elementor-element elementor-element-de10a5f elementor-widget elementor-widget-image\" data-id=\"de10a5f\" data-element_type=\"widget\" data-e-type=\"widget\" data-widget_type=\"image.default\">\n\t\t\t\t\t\t\t\t\t\t\t\t\t\t\t<img decoding=\"async\" width=\"768\" height=\"1152\" src=\"https:\/\/derecekursmerkezi.com\/wp-content\/uploads\/2026\/01\/WhatsApp-Image-2026-01-21-at-17.17.34-768x1152.jpeg\" class=\"attachment-medium_large size-medium_large wp-image-1181\" alt=\"\" srcset=\"https:\/\/derecekursmerkezi.com\/wp-content\/uploads\/2026\/01\/WhatsApp-Image-2026-01-21-at-17.17.34-768x1152.jpeg 768w, https:\/\/derecekursmerkezi.com\/wp-content\/uploads\/2026\/01\/WhatsApp-Image-2026-01-21-at-17.17.34-333x500.jpeg 333w, https:\/\/derecekursmerkezi.com\/wp-content\/uploads\/2026\/01\/WhatsApp-Image-2026-01-21-at-17.17.34-800x1200.jpeg 800w, https:\/\/derecekursmerkezi.com\/wp-content\/uploads\/2026\/01\/WhatsApp-Image-2026-01-21-at-17.17.34-200x300.jpeg 200w, https:\/\/derecekursmerkezi.com\/wp-content\/uploads\/2026\/01\/WhatsApp-Image-2026-01-21-at-17.17.34.jpeg 1024w\" sizes=\"(max-width: 768px) 100vw, 768px\" \/>\t\t\t\t\t\t\t\t\t\t\t\t\t\t\t<\/div>\n\t\t\t\t<\/div>\n\t\t<div class=\"elementor-element elementor-element-c85b0d5 e-con-full e-flex e-con e-child\" data-id=\"c85b0d5\" data-element_type=\"container\" data-e-type=\"container\">\n\t\t<div class=\"elementor-element elementor-element-a5ef233 e-con-full e-flex e-con e-child\" data-id=\"a5ef233\" data-element_type=\"container\" data-e-type=\"container\">\n\t\t\t\t<div class=\"elementor-element elementor-element-d0e0eb4 elementor-widget elementor-widget-text-editor\" data-id=\"d0e0eb4\" data-element_type=\"widget\" data-e-type=\"widget\" data-widget_type=\"text-editor.default\">\n\t\t\t\t\t\t\t\t\t<h3 data-start=\"877\" data-end=\"921\">\u00a0<\/h3><h3 data-start=\"877\" data-end=\"921\">\u00a0<\/h3><h3 data-start=\"877\" data-end=\"921\">\u23f0 Ders Saatleri Hakk\u0131nda Bilgilendirme<\/h3><p data-start=\"923\" data-end=\"1020\">Hafta i\u00e7i derslerimiz <strong data-start=\"945\" data-end=\"957\">15:30\u2019da Hafta sonu ise 09.30&#8217;da<\/strong> ba\u015flamaktad\u0131r.<br data-start=\"972\" data-end=\"975\" \/>\u2022 Ders s\u00fcresi: <strong data-start=\"1037\" data-end=\"1050\">40 dakika<\/strong><br data-start=\"1050\" data-end=\"1053\" \/>\u2022 Ders aras\u0131: <strong data-start=\"1067\" data-end=\"1080\">10 dakika<\/strong><\/p>\t\t\t\t\t\t\t\t<\/div>\n\t\t\t\t<\/div>\n\t\t<div class=\"elementor-element elementor-element-caa9194 e-con-full e-flex e-con e-child\" data-id=\"caa9194\" data-element_type=\"container\" data-e-type=\"container\">\n\t\t\t\t<div class=\"elementor-element elementor-element-c379e79 elementor-widget elementor-widget-text-editor\" data-id=\"c379e79\" data-element_type=\"widget\" data-e-type=\"widget\" data-widget_type=\"text-editor.default\">\n\t\t\t\t\t\t\t\t\t<h2 data-start=\"105\" data-end=\"157\"><strong data-start=\"111\" data-end=\"157\">5\u20136. S\u0131n\u0131flar | Erken Kay\u0131tlar\u0131m\u0131z Ba\u015flad\u0131<\/strong><\/h2><p data-start=\"158\" data-end=\"460\">5 ve 6. s\u0131n\u0131f \u00f6\u011frencilerimiz i\u00e7in temel kazan\u0131mlar\u0131n sa\u011flam at\u0131ld\u0131\u011f\u0131, planl\u0131 ve takipli e\u011fitim modeliyle yeni d\u00f6nem erken kay\u0131tlar\u0131m\u0131z ba\u015flam\u0131\u015ft\u0131r.<br data-start=\"305\" data-end=\"308\" \/>\u00d6\u011frencinin seviyesine uygun ders plan\u0131, d\u00fczenli et\u00fctler ve bireysel takip sistemiyle ba\u015far\u0131y\u0131 birlikte in\u015fa ediyoruz.<br data-start=\"425\" data-end=\"428\" \/><strong data-start=\"428\" data-end=\"460\">Kontenjanlar\u0131m\u0131z s\u0131n\u0131rl\u0131d\u0131r.<\/strong><\/p><hr data-start=\"462\" data-end=\"465\" \/><h2 data-start=\"467\" data-end=\"509\">\ud83d\udcd7 <strong data-start=\"473\" data-end=\"509\">7. S\u0131n\u0131flar | Erken Kay\u0131t D\u00f6nemi<\/strong><\/h2><ol start=\"7\" data-start=\"510\" data-end=\"778\"><li data-start=\"510\" data-end=\"778\"><p data-start=\"513\" data-end=\"778\">s\u0131n\u0131f \u00f6\u011frencilerimiz i\u00e7in LGS\u2019ye haz\u0131rl\u0131k s\u00fcrecinin temellerini g\u00fc\u00e7lendiren, disiplinli ve sistemli e\u011fitim anlay\u0131\u015f\u0131m\u0131zla erken kay\u0131tlar\u0131m\u0131z a\u00e7\u0131lm\u0131\u015ft\u0131r.<br data-start=\"664\" data-end=\"667\" \/>Konu tarama s\u0131navlar\u0131, bireysel analizler ve \u00f6zel destek programlar\u0131yla \u00f6\u011frencilerimizi bir ad\u0131m \u00f6ne ta\u015f\u0131yoruz.<\/p><\/li><\/ol><hr data-start=\"780\" data-end=\"783\" \/><h2 data-start=\"785\" data-end=\"839\">\ud83d\udcd5 <strong data-start=\"791\" data-end=\"839\">8. S\u0131n\u0131flar | LGS Erken Kay\u0131tlar\u0131m\u0131z Ba\u015flad\u0131<\/strong><\/h2><p data-start=\"840\" data-end=\"1129\">LGS haz\u0131rl\u0131\u011f\u0131nda do\u011fru planlama ve s\u00fcrekli takip fark yarat\u0131r.<br data-start=\"902\" data-end=\"905\" \/>8. s\u0131n\u0131f \u00f6\u011frencilerimiz i\u00e7in yo\u011funla\u015ft\u0131r\u0131lm\u0131\u015f LGS program\u0131, d\u00fczenli deneme s\u0131navlar\u0131, detayl\u0131 analizler ve birebir rehberlik deste\u011fiyle erken kay\u0131tlar\u0131m\u0131z ba\u015flam\u0131\u015ft\u0131r.<br data-start=\"1072\" data-end=\"1075\" \/><strong data-start=\"1075\" data-end=\"1129\">S\u0131n\u0131rl\u0131 kontenjan \u2013 avantajl\u0131 erken kay\u0131t f\u0131rsat\u0131!<\/strong><\/p>\t\t\t\t\t\t\t\t<\/div>\n\t\t\t\t<div class=\"elementor-element elementor-element-472fc60 elementor-widget elementor-widget-text-editor\" data-id=\"472fc60\" data-element_type=\"widget\" data-e-type=\"widget\" data-widget_type=\"text-editor.default\">\n\t\t\t\t\t\t\t\t\t<h3 data-start=\"669\" data-end=\"698\">\ud83c\udfaf \u00d6zel Ders Planlamas\u0131<\/h3><p data-start=\"700\" data-end=\"870\">Her hafta yap\u0131lan deneme s\u0131navlar\u0131 sonras\u0131 \u00f6\u011frencilerimizin eksik oldu\u011fu ders ve konular belirlenir.<br data-start=\"800\" data-end=\"803\" \/>Bu analizlere g\u00f6re <strong data-start=\"822\" data-end=\"855\">bireysel \u00f6zel ders planlamas\u0131<\/strong> yap\u0131lmaktad\u0131r.<\/p>\t\t\t\t\t\t\t\t<\/div>\n\t\t\t\t<div class=\"elementor-element elementor-element-86a568b elementor-widget elementor-widget-text-editor\" data-id=\"86a568b\" data-element_type=\"widget\" data-e-type=\"widget\" data-widget_type=\"text-editor.default\">\n\t\t\t\t\t\t\t\t\t<h2 data-start=\"832\" data-end=\"884\">\ud83c\udfaf <strong data-start=\"838\" data-end=\"884\">LGS Odakl\u0131 Haftal\u0131k Denemeler (7\u20138. S\u0131n\u0131f)<\/strong><\/h2><p data-start=\"885\" data-end=\"1109\">7 ve 8. s\u0131n\u0131f \u00f6\u011frencilerimiz i\u00e7in LGS format\u0131nda haz\u0131rlanan haftal\u0131k deneme s\u0131navlar\u0131yla \u00f6\u011frencilerin s\u0131nav performans\u0131 yak\u0131ndan takip edilir.<br data-start=\"1027\" data-end=\"1030\" \/>Sonu\u00e7lara g\u00f6re birebir rehberlik, konu tamamlama ve et\u00fct \u00e7al\u0131\u015fmalar\u0131 planlan\u0131r.<\/p>\t\t\t\t\t\t\t\t<\/div>\n\t\t\t\t<div class=\"elementor-element elementor-element-87cc4a3 elementor-widget elementor-widget-text-editor\" data-id=\"87cc4a3\" data-element_type=\"widget\" data-e-type=\"widget\" data-widget_type=\"text-editor.default\">\n\t\t\t\t\t\t\t\t\t<h3 data-start=\"430\" data-end=\"461\">\ud83d\udccd <strong data-start=\"1281\" data-end=\"1291\">Adres:<\/strong> H\u00fcseyin Avni Ula\u015f Mah. Kervan Sok. Y\u0131ld\u0131zkent \u0130lkokulu Kar\u015f\u0131s\u0131<br data-start=\"1354\" data-end=\"1357\" \/>\ud83c\udf10 <strong data-start=\"1360\" data-end=\"1368\">Web:<\/strong> <a class=\"decorated-link cursor-pointer\" target=\"_new\" rel=\"noopener\" data-start=\"1369\" data-end=\"1394\">www.derecekursmerkezi.com<\/a><br data-start=\"1394\" data-end=\"1397\" \/>\ud83d\udcde <strong data-start=\"1400\" data-end=\"1423\">Telefon &amp; WhatsApp:<\/strong> 0505 100 99 25<\/h3>\t\t\t\t\t\t\t\t<\/div>\n\t\t\t\t<\/div>\n\t\t\t\t<\/div>\n\t\t\t\t\t<\/div>\n\t\t\t\t<\/div>\n\t\t<div class=\"elementor-element elementor-element-ea2caa7 e-flex e-con-boxed e-con e-parent\" data-id=\"ea2caa7\" data-element_type=\"container\" data-e-type=\"container\">\n\t\t\t\t\t<div class=\"e-con-inner\">\n\t\t\t\t<div class=\"elementor-element elementor-element-f6f18a0 animated-slow e-transform elementor-invisible elementor-widget elementor-widget-heading\" data-id=\"f6f18a0\" data-element_type=\"widget\" data-e-type=\"widget\" data-settings=\"{&quot;_animation&quot;:&quot;fadeInRight&quot;,&quot;_animation_delay&quot;:0,&quot;_transform_translateX_effect&quot;:{&quot;unit&quot;:&quot;px&quot;,&quot;size&quot;:0,&quot;sizes&quot;:[]},&quot;_transform_translateX_effect_tablet&quot;:{&quot;unit&quot;:&quot;px&quot;,&quot;size&quot;:&quot;&quot;,&quot;sizes&quot;:[]},&quot;_transform_translateX_effect_mobile&quot;:{&quot;unit&quot;:&quot;px&quot;,&quot;size&quot;:&quot;&quot;,&quot;sizes&quot;:[]},&quot;_transform_translateY_effect&quot;:{&quot;unit&quot;:&quot;px&quot;,&quot;size&quot;:&quot;&quot;,&quot;sizes&quot;:[]},&quot;_transform_translateY_effect_tablet&quot;:{&quot;unit&quot;:&quot;px&quot;,&quot;size&quot;:&quot;&quot;,&quot;sizes&quot;:[]},&quot;_transform_translateY_effect_mobile&quot;:{&quot;unit&quot;:&quot;px&quot;,&quot;size&quot;:&quot;&quot;,&quot;sizes&quot;:[]}}\" data-widget_type=\"heading.default\">\n\t\t\t\t\t<h2 class=\"elementor-heading-title elementor-size-default\">''DERECEYE GEL\u0130N DERECEYE G\u0130R\u0130N''<\/h2>\t\t\t\t<\/div>\n\t\t\t\t\t<\/div>\n\t\t\t\t<\/div>\n\t\t\t\t<\/div>\n\t\t","protected":false},"excerpt":{"rendered":"<p>DERECE YAZ AKADEM\u0130S\u0130 BA\u015eLIYOR&#8230; \u00a0 \u00a0 \u23f0 Ders Saatleri Hakk\u0131nda Bilgilendirme Hafta i\u00e7i derslerimiz 15:30\u2019da Hafta sonu ise 09.30&#8217;da ba\u015flamaktad\u0131r.\u2022 Ders s\u00fcresi: 40 dakika\u2022 Ders aras\u0131: 10 dakika 5\u20136. S\u0131n\u0131flar | Erken Kay\u0131tlar\u0131m\u0131z Ba\u015flad\u0131 5 ve 6. s\u0131n\u0131f \u00f6\u011frencilerimiz i\u00e7in temel kazan\u0131mlar\u0131n sa\u011flam at\u0131ld\u0131\u011f\u0131, planl\u0131 ve takipli e\u011fitim modeliyle yeni d\u00f6nem erken kay\u0131tlar\u0131m\u0131z ba\u015flam\u0131\u015ft\u0131r.\u00d6\u011frencinin seviyesine&#8230;<\/p>\n","protected":false},"author":1,"featured_media":0,"parent":0,"menu_order":0,"comment_status":"closed","ping_status":"closed","template":"","meta":{"_kad_post_transparent":"","_kad_post_title":"hide","_kad_post_layout":"fullwidth","_kad_post_sidebar_id":"","_kad_post_content_style":"unboxed","_kad_post_vertical_padding":"hide","_kad_post_feature":"hide","_kad_post_feature_position":"","_kad_post_header":false,"_kad_post_footer":false,"_kad_post_classname":"","footnotes":""},"class_list":["post-1121","page","type-page","status-publish","hentry"],"_links":{"self":[{"href":"https:\/\/derecekursmerkezi.com\/index.php\/wp-json\/wp\/v2\/pages\/1121","targetHints":{"allow":["GET"]}}],"collection":[{"href":"https:\/\/derecekursmerkezi.com\/index.php\/wp-json\/wp\/v2\/pages"}],"about":[{"href":"https:\/\/derecekursmerkezi.com\/index.php\/wp-json\/wp\/v2\/types\/page"}],"author":[{"embeddable":true,"href":"https:\/\/derecekursmerkezi.com\/index.php\/wp-json\/wp\/v2\/users\/1"}],"replies":[{"embeddable":true,"href":"https:\/\/derecekursmerkezi.com\/index.php\/wp-json\/wp\/v2\/comments?post=1121"}],"version-history":[{"count":52,"href":"https:\/\/derecekursmerkezi.com\/index.php\/wp-json\/wp\/v2\/pages\/1121\/revisions"}],"predecessor-version":[{"id":1231,"href":"https:\/\/derecekursmerkezi.com\/index.php\/wp-json\/wp\/v2\/pages\/1121\/revisions\/1231"}],"wp:attachment":[{"href":"https:\/\/derecekursmerkezi.com\/index.php\/wp-json\/wp\/v2\/media?parent=1121"}],"curies":[{"name":"wp","href":"https:\/\/api.w.org\/{rel}","templated":true}]}}